{"id":74,"date":"2026-04-07T03:07:33","date_gmt":"2026-04-07T03:07:33","guid":{"rendered":"https:\/\/noalcablebus.com\/?page_id=74"},"modified":"2026-04-07T04:04:47","modified_gmt":"2026-04-07T04:04:47","slug":"pronuciamientos","status":"publish","type":"page","link":"https:\/\/noalcablebus.com\/?page_id=74","title":{"rendered":"Pronuciamientos"},"content":{"rendered":"<p>[et_pb_section fb_built=&#8221;1&#8243; fullwidth=&#8221;on&#8221; next_background_color=&#8221;#FFFFFF&#8221; admin_label=&#8221;Header Section&#8221; _builder_version=&#8221;4.16&#8243; background_color=&#8221;#000000&#8243; bottom_divider_style=&#8221;ramp&#8221; bottom_divider_flip=&#8221;horizontal&#8221; global_colors_info=&#8221;{}&#8221;][et_pb_fullwidth_header subhead=&#8221;Pronunciamientos&#8221; content_max_width=&#8221;640px&#8221; _builder_version=&#8221;4.27.6&#8243; title_font=&#8221;Oswald|||on|||||&#8221; title_font_size=&#8221;20px&#8221; title_letter_spacing=&#8221;3px&#8221; title_line_height=&#8221;1.5em&#8221; content_font=&#8221;Lora||||||||&#8221; content_font_size=&#8221;22px&#8221; content_line_height=&#8221;2em&#8221; subhead_font=&#8221;Lora|700|||||||&#8221; subhead_text_color=&#8221;#FFFFFF&#8221; subhead_font_size=&#8221;80px&#8221; subhead_line_height=&#8221;1.5em&#8221; background_color=&#8221;rgba(255,255,255,0)&#8221; background_image=&#8221;https:\/\/noalcablebus.com\/wp-content\/uploads\/2026\/04\/20180731104446_a1.jpg&#8221; parallax=&#8221;on&#8221; parallax_method=&#8221;on&#8221; custom_button_one=&#8221;on&#8221; button_one_text_size=&#8221;16px&#8221; button_one_text_color=&#8221;#ffffff&#8221; button_one_bg_color=&#8221;#d29f68&#8243; button_one_border_width=&#8221;15px&#8221; button_one_border_color=&#8221;rgba(210,159,104,0)&#8221; button_one_border_radius=&#8221;100px&#8221; button_one_letter_spacing=&#8221;3px&#8221; button_one_font=&#8221;Oswald|||on|||||&#8221; button_one_use_icon=&#8221;off&#8221; custom_button_two=&#8221;on&#8221; button_two_text_size=&#8221;16px&#8221; button_two_text_color=&#8221;#ffffff&#8221; button_two_bg_color=&#8221;rgba(0,0,0,0.35)&#8221; button_two_border_width=&#8221;15px&#8221; button_two_border_color=&#8221;rgba(0,0,0,0)&#8221; button_two_border_radius=&#8221;100px&#8221; button_two_letter_spacing=&#8221;3px&#8221; button_two_font=&#8221;Oswald|||on|||||&#8221; button_two_use_icon=&#8221;off&#8221; background_layout=&#8221;light&#8221; custom_margin=&#8221;|||&#8221; custom_padding=&#8221;10vw||10vw||true&#8221; animation_style=&#8221;zoom&#8221; animation_duration=&#8221;2000ms&#8221; animation_intensity_zoom=&#8221;4%&#8221; subhead_font_size_tablet=&#8221;80px&#8221; subhead_font_size_phone=&#8221;50px&#8221; subhead_font_size_last_edited=&#8221;on|desktop&#8221; subhead_text_shadow_style=&#8221;preset1&#8243; button_one_border_radius_hover=&#8221;100px&#8221; button_one_bg_color_hover=&#8221;#cc8d66&#8243; button_two_bg_color_hover=&#8221;#d29f68&#8243; global_colors_info=&#8221;{}&#8221; button_one_text_size__hover_enabled=&#8221;off&#8221; button_two_text_size__hover_enabled=&#8221;off&#8221; button_one_text_color__hover_enabled=&#8221;off&#8221; button_two_text_color__hover_enabled=&#8221;off&#8221; button_one_border_width__hover_enabled=&#8221;off&#8221; button_two_border_width__hover_enabled=&#8221;off&#8221; button_one_border_color__hover_enabled=&#8221;off&#8221; button_two_border_color__hover_enabled=&#8221;off&#8221; button_one_border_radius__hover_enabled=&#8221;on&#8221; button_one_border_radius__hover=&#8221;100px&#8221; button_two_border_radius__hover_enabled=&#8221;off&#8221; button_one_letter_spacing__hover_enabled=&#8221;off&#8221; button_two_letter_spacing__hover_enabled=&#8221;off&#8221; button_one_bg_color__hover_enabled=&#8221;on&#8221; button_one_bg_color__hover=&#8221;#cc8d66&#8243; button_two_bg_color__hover_enabled=&#8221;on&#8221; button_two_bg_color__hover=&#8221;#d29f68&#8243;][\/et_pb_fullwidth_header][\/et_pb_section][et_pb_section fb_built=&#8221;1&#8243; admin_label=&#8221;Services Section&#8221; _builder_version=&#8221;4.27.6&#8243; background_color=&#8221;#FFFFFF&#8221; custom_padding=&#8221;80px||0||false|false&#8221; custom_css_free_form=&#8221;\talign-items: center;&#8221; global_colors_info=&#8221;{}&#8221;][et_pb_row column_structure=&#8221;2_5,3_5&#8243; make_equal=&#8221;on&#8221; _builder_version=&#8221;4.27.6&#8243; _module_preset=&#8221;default&#8221; module_alignment=&#8221;center&#8221; custom_margin=&#8221;30px||30px||false|false&#8221; animation_style=&#8221;fade&#8221; hover_enabled=&#8221;0&#8243; custom_css_free_form=&#8221;selector {\talign-items: center; }&#8221; global_colors_info=&#8221;{}&#8221; sticky_enabled=&#8221;0&#8243;][et_pb_column type=&#8221;2_5&#8243; _builder_version=&#8221;4.27.6&#8243; _module_preset=&#8221;default&#8221; global_colors_info=&#8221;{}&#8221;][et_pb_image src=&#8221;https:\/\/noalcablebus.com\/wp-content\/uploads\/2026\/04\/466975211_1107107918082556_6193598398150099814_n-1.jpg&#8221; title_text=&#8221;466975211_1107107918082556_6193598398150099814_n (1)&#8221; align=&#8221;center&#8221; _builder_version=&#8221;4.27.6&#8243; _module_preset=&#8221;default&#8221; hover_enabled=&#8221;0&#8243; global_colors_info=&#8221;{}&#8221; sticky_enabled=&#8221;0&#8243;][\/et_pb_image][\/et_pb_column][et_pb_column type=&#8221;3_5&#8243; _builder_version=&#8221;4.27.6&#8243; _module_preset=&#8221;default&#8221; global_colors_info=&#8221;{}&#8221;][et_pb_text _builder_version=&#8221;4.27.6&#8243; _module_preset=&#8221;default&#8221; z_index_tablet=&#8221;&#8221; z_index_phone=&#8221;&#8221; z_index_last_edited=&#8221;on|phone&#8221; global_colors_info=&#8221;{}&#8221;]<\/p>\n<p><span>Acad\u00e9micos, investigadores, trabajadores y estudiantes de la BUAP levantamos la voz ante la tala proyectada por el Cableb\u00fas en Puebla. No es solo &#8220;quitar \u00e1rboles&#8221;, es desmantelar filtros de aire y aires acondicionados naturales que nos tom\u00f3 d\u00e9cadas ver crecer.<\/span><\/p>\n<p>[\/et_pb_text][et_pb_button button_url=&#8221;https:\/\/www.facebook.com\/story.php?story_fbid=1514293290697348&#038;id=100063500745780&#038;rdid=UQWnAmnCnVjv43Vp&#8221; url_new_window=&#8221;on&#8221; button_text=&#8221;Leer Mas&#8221; _builder_version=&#8221;4.27.6&#8243; _module_preset=&#8221;default&#8221; hover_enabled=&#8221;0&#8243; global_colors_info=&#8221;{}&#8221; sticky_enabled=&#8221;0&#8243;][\/et_pb_button][\/et_pb_column][\/et_pb_row][et_pb_row column_structure=&#8221;2_5,3_5&#8243; make_equal=&#8221;on&#8221; _builder_version=&#8221;4.27.6&#8243; _module_preset=&#8221;default&#8221; module_alignment=&#8221;center&#8221; custom_margin=&#8221;30px||30px||false|false&#8221; animation_style=&#8221;fade&#8221; custom_css_free_form=&#8221;selector {\talign-items: center; }&#8221; global_colors_info=&#8221;{}&#8221;][et_pb_column type=&#8221;2_5&#8243; _builder_version=&#8221;4.27.6&#8243; _module_preset=&#8221;default&#8221; global_colors_info=&#8221;{}&#8221;][et_pb_image src=&#8221;https:\/\/noalcablebus.com\/wp-content\/uploads\/2026\/04\/logo_frojo_tblanco.png&#8221; title_text=&#8221;logo_frojo_tblanco&#8221; align=&#8221;center&#8221; _builder_version=&#8221;4.27.6&#8243; _module_preset=&#8221;default&#8221; global_colors_info=&#8221;{}&#8221;][\/et_pb_image][\/et_pb_column][et_pb_column type=&#8221;3_5&#8243; _builder_version=&#8221;4.27.6&#8243; _module_preset=&#8221;default&#8221; global_colors_info=&#8221;{}&#8221;][et_pb_text _builder_version=&#8221;4.27.6&#8243; _module_preset=&#8221;default&#8221; z_index_tablet=&#8221;&#8221; z_index_phone=&#8221;&#8221; z_index_last_edited=&#8221;on|phone&#8221; global_colors_info=&#8221;{}&#8221;]<\/p>\n<p><span>Ante el anuncio de este proyecto,\u00a0<\/span><strong>la IBERO Puebla se uni\u00f3 a la preocupaci\u00f3n de la sociedad civil movilizada y la comunidad cient\u00edfica del estado<\/strong><span>. A trav\u00e9s del Instituto de Investigaciones en Medio Ambiente\u00a0<\/span><em>Xabier Gorostiaga, SJ<\/em><span>\u00a0(IIMA), la Cl\u00ednica Jur\u00eddica\u00a0<\/span><em>Minerva Calder\u00f3n<\/em><span>, el Instituto de Derechos Humanos\u00a0<\/span><em>Ignacio Ellacur\u00eda, SJ<span>\u00a0<\/span><\/em><span>(IDHIE), y los departamentos acad\u00e9micos de Ciencias de la Salud y Arte, Dise\u00f1o y Arquitectura, se advierten los\u00a0<\/span><strong>riesgos y consecuencias ambientales de la implementaci\u00f3n de esta obra<\/strong><span>.<\/span><\/p>\n<p>[\/et_pb_text][et_pb_button button_url=&#8221;https:\/\/www.iberopuebla.mx\/noticias\/preservar-parques?fbclid=IwVERDUAQsM4VleHRuA2FlbQIxMABzcnRjBmFwcF9pZAwzNTA2ODU1MzE3MjgAAR65NpScqmcksiZ5BMC0migVKH72uA5bj63gOqk5rQ1DrRTa4xjzHYc9anT2FA_aem_ypR1qay7B6hC2EWqd671mA&#8221; url_new_window=&#8221;on&#8221; button_text=&#8221;Leer Mas&#8221; _builder_version=&#8221;4.27.6&#8243; _module_preset=&#8221;default&#8221; global_colors_info=&#8221;{}&#8221;][\/et_pb_button][\/et_pb_column][\/et_pb_row][et_pb_row column_structure=&#8221;2_5,3_5&#8243; make_equal=&#8221;on&#8221; _builder_version=&#8221;4.27.6&#8243; _module_preset=&#8221;default&#8221; module_alignment=&#8221;center&#8221; custom_margin=&#8221;30px||30px||false|false&#8221; animation_style=&#8221;fade&#8221; custom_css_free_form=&#8221;selector {\talign-items: center; }&#8221; global_colors_info=&#8221;{}&#8221;][et_pb_column type=&#8221;2_5&#8243; _builder_version=&#8221;4.27.6&#8243; _module_preset=&#8221;default&#8221; global_colors_info=&#8221;{}&#8221;][et_pb_image src=&#8221;https:\/\/noalcablebus.com\/wp-content\/uploads\/2026\/04\/476358304_1044081451093890_5802586280763961897_n.jpg&#8221; title_text=&#8221;476358304_1044081451093890_5802586280763961897_n&#8221; align=&#8221;center&#8221; _builder_version=&#8221;4.27.6&#8243; _module_preset=&#8221;default&#8221; global_colors_info=&#8221;{}&#8221;][\/et_pb_image][\/et_pb_column][et_pb_column type=&#8221;3_5&#8243; _builder_version=&#8221;4.27.6&#8243; _module_preset=&#8221;default&#8221; global_colors_info=&#8221;{}&#8221;][et_pb_text _builder_version=&#8221;4.27.6&#8243; _module_preset=&#8221;default&#8221; z_index_tablet=&#8221;&#8221; z_index_phone=&#8221;&#8221; z_index_last_edited=&#8221;on|phone&#8221; global_colors_info=&#8221;{}&#8221;]<\/p>\n<div dir=\"auto\">1. El proyecto de Cableb\u00fas en Puebla, podr\u00eda representar una posible iniciativa de movilidad sostenible, sin embargo, NO CUMPLE con los procedimientos t\u00e9cnicos, legales, ambientales y sociales.<\/div>\n<div dir=\"auto\">2. La plantaci\u00f3n de \u00e1rboles por parte del gobierno no son medidas compensatorias, son obligaciones y no se puede plantar cualquier especie. Esto es independiente a las condicionantes que se le extiendan a un particular por el impacto de cada proyecto<\/div>\n<div dir=\"auto\">3. Podr\u00eda generar el proyecto una zona de impacto negativo primario sobre el microclima de 2.4 kms aprox. (adem\u00e1s de migraci\u00f3n de fauna y alteraci\u00f3n negativa)<\/div>\n<div dir=\"auto\">4. La carta urbana municipal prohibe el desarrollo de este tipo de proyectos en zonas con uso de suelo &#8220;Parque Urbano (PU) y \u00c1reas Verdes (IMAV)&#8221;<\/div>\n<p>[\/et_pb_text][et_pb_button button_url=&#8221;https:\/\/www.facebook.com\/share\/p\/14SrdPCKKta\/&#8221; url_new_window=&#8221;on&#8221; button_text=&#8221;Leer Mas&#8221; _builder_version=&#8221;4.27.6&#8243; _module_preset=&#8221;default&#8221; global_colors_info=&#8221;{}&#8221;][\/et_pb_button][\/et_pb_column][\/et_pb_row][et_pb_row column_structure=&#8221;2_5,3_5&#8243; make_equal=&#8221;on&#8221; _builder_version=&#8221;4.27.6&#8243; _module_preset=&#8221;default&#8221; module_alignment=&#8221;center&#8221; custom_margin=&#8221;||||false|false&#8221; animation_style=&#8221;fade&#8221; hover_enabled=&#8221;0&#8243; custom_css_free_form=&#8221;selector {\talign-items: center; }&#8221; global_colors_info=&#8221;{}&#8221; sticky_enabled=&#8221;0&#8243;][et_pb_column type=&#8221;2_5&#8243; _builder_version=&#8221;4.27.6&#8243; _module_preset=&#8221;default&#8221; global_colors_info=&#8221;{}&#8221;][et_pb_image src=&#8221;https:\/\/noalcablebus.com\/wp-content\/uploads\/2026\/04\/623410961_1290617529769017_1999685349393557134_n.jpg&#8221; title_text=&#8221;623410961_1290617529769017_1999685349393557134_n&#8221; align=&#8221;center&#8221; _builder_version=&#8221;4.27.6&#8243; _module_preset=&#8221;default&#8221; hover_enabled=&#8221;0&#8243; global_colors_info=&#8221;{}&#8221; sticky_enabled=&#8221;0&#8243;][\/et_pb_image][\/et_pb_column][et_pb_column type=&#8221;3_5&#8243; _builder_version=&#8221;4.27.6&#8243; _module_preset=&#8221;default&#8221; global_colors_info=&#8221;{}&#8221;][et_pb_text _builder_version=&#8221;4.27.6&#8243; _module_preset=&#8221;default&#8221; z_index_tablet=&#8221;&#8221; z_index_phone=&#8221;&#8221; z_index_last_edited=&#8221;on|phone&#8221; global_colors_info=&#8221;{}&#8221;]<\/p>\n<p><span>Pronunciamiento de Alas Urbanas sobre las aves del Parque Ju\u00e1rez y el Cableb\u00fas<\/span><\/p>\n<p>[\/et_pb_text][et_pb_button button_url=&#8221;https:\/\/www.facebook.com\/story.php?story_fbid=1312634050900698&#038;id=100064623462217&#038;rdid=SXnklZKkWUlcOdn8&#8243; url_new_window=&#8221;on&#8221; button_text=&#8221;Leer Mas&#8221; _builder_version=&#8221;4.27.6&#8243; _module_preset=&#8221;default&#8221; hover_enabled=&#8221;0&#8243; global_colors_info=&#8221;{}&#8221; sticky_enabled=&#8221;0&#8243;][\/et_pb_button][\/et_pb_column][\/et_pb_row][\/et_pb_section]<\/p>\n","protected":false},"excerpt":{"rendered":"<p>Acad\u00e9micos, investigadores, trabajadores y estudiantes de la BUAP levantamos la voz ante la tala proyectada por el Cableb\u00fas en Puebla. No es solo &#8220;quitar \u00e1rboles&#8221;, es desmantelar filtros de aire y aires acondicionados naturales que nos tom\u00f3 d\u00e9cadas ver crecer.Ante el anuncio de este proyecto,\u00a0la IBERO Puebla se uni\u00f3 a la preocupaci\u00f3n de la sociedad [&hellip;]<\/p>\n","protected":false},"author":1,"featured_media":0,"parent":0,"menu_order":0,"comment_status":"closed","ping_status":"closed","template":"","meta":{"_et_pb_use_builder":"on","_et_pb_old_content":"","_et_gb_content_width":"","footnotes":""},"class_list":["post-74","page","type-page","status-publish","hentry"],"_links":{"self":[{"href":"https:\/\/noalcablebus.com\/index.php?rest_route=\/wp\/v2\/pages\/74","targetHints":{"allow":["GET"]}}],"collection":[{"href":"https:\/\/noalcablebus.com\/index.php?rest_route=\/wp\/v2\/pages"}],"about":[{"href":"https:\/\/noalcablebus.com\/index.php?rest_route=\/wp\/v2\/types\/page"}],"author":[{"embeddable":true,"href":"https:\/\/noalcablebus.com\/index.php?rest_route=\/wp\/v2\/users\/1"}],"replies":[{"embeddable":true,"href":"https:\/\/noalcablebus.com\/index.php?rest_route=%2Fwp%2Fv2%2Fcomments&post=74"}],"version-history":[{"count":4,"href":"https:\/\/noalcablebus.com\/index.php?rest_route=\/wp\/v2\/pages\/74\/revisions"}],"predecessor-version":[{"id":96,"href":"https:\/\/noalcablebus.com\/index.php?rest_route=\/wp\/v2\/pages\/74\/revisions\/96"}],"wp:attachment":[{"href":"https:\/\/noalcablebus.com\/index.php?rest_route=%2Fwp%2Fv2%2Fmedia&parent=74"}],"curies":[{"name":"wp","href":"https:\/\/api.w.org\/{rel}","templated":true}]}}